{"id":4260,"date":"2022-09-20T11:47:03","date_gmt":"2022-09-20T09:47:03","guid":{"rendered":"https:\/\/www.pro-businesscenter.com\/?page_id=4260"},"modified":"2023-10-17T12:39:05","modified_gmt":"2023-10-17T10:39:05","slug":"%d9%85%d8%b3%d8%aa%d8%ac%d8%af%d8%a7%d8%aa","status":"publish","type":"page","link":"https:\/\/www.pro-businesscenter.com\/ar\/%d9%85%d8%b3%d8%aa%d8%ac%d8%af%d8%a7%d8%aa\/","title":{"rendered":"\u0645\u0633\u062a\u062c\u062f\u0627\u062a"},"content":{"rendered":"\t\t<div data-elementor-type=\"wp-page\" data-elementor-id=\"4260\" class=\"elementor elementor-4260 elementor-4229\">\n\t\t\t\t\t\t<section class=\"elementor-section elementor-top-section elementor-element elementor-element-cd815cb elementor-section-boxed elementor-section-height-default elementor-section-height-default\" data-id=\"cd815cb\" data-element_type=\"section\" data-settings=\"{&quot;background_background&quot;:&quot;classic&quot;}\">\n\t\t\t\t\t\t<div class=\"elementor-container elementor-column-gap-default\">\n\t\t\t\t\t<div class=\"elementor-column elementor-col-100 elementor-top-column elementor-element elementor-element-79f77345\" data-id=\"79f77345\" data-element_type=\"column\">\n\t\t\t<div class=\"elementor-widget-wrap elementor-element-populated\">\n\t\t\t\t\t\t<div class=\"elementor-element elementor-element-61c205e3 elementor-widget elementor-widget-heading\" data-id=\"61c205e3\" data-element_type=\"widget\" data-widget_type=\"heading.default\">\n\t\t\t\t<div class=\"elementor-widget-container\">\n\t\t\t<h1 class=\"elementor-heading-title elementor-size-default\">\u0645\u0633\u062a\u062c\u062f\u0627\u062a<\/h1>\t\t<\/div>\n\t\t\t\t<\/div>\n\t\t\t\t<div class=\"elementor-element elementor-element-4fa60cf6 elementor-grid-eael-col-3 elementor-grid-tablet-eael-col-2 elementor-grid-mobile-eael-col-1 elementor-widget elementor-widget-eael-post-grid\" data-id=\"4fa60cf6\" data-element_type=\"widget\" id=\"actualites\" data-settings=\"{&quot;eael_post_grid_columns&quot;:&quot;eael-col-3&quot;,&quot;eael_post_grid_columns_tablet&quot;:&quot;eael-col-2&quot;,&quot;eael_post_grid_columns_mobile&quot;:&quot;eael-col-1&quot;}\" data-widget_type=\"eael-post-grid.default\">\n\t\t\t\t<div class=\"elementor-widget-container\">\n\t\t\t<div id=\"eael-post-grid-4fa60cf6\" class=\"eael-post-grid-container\">\n            <div class=\"eael-post-grid eael-post-appender eael-post-appender-4fa60cf6 eael-post-grid-style-default\" data-layout-mode=\"grid\"><article class=\"eael-grid-post eael-post-grid-column\" data-id=\"2310\">\n        <div class=\"eael-grid-post-holder\">\n            <div class=\"eael-grid-post-holder-inner\"><div class=\"eael-entry-media\"><ul class=\"post-carousel-categories\"><li><a href=\"https:\/\/www.pro-businesscenter.com\/category\/actualites\/\">Actualit\u00e9s<\/a><\/li><\/ul><div class=\"eael-entry-overlay fade-in\"><i class=\"fas fa-long-arrow-alt-right\" aria-hidden=\"true\"><\/i><a href=\"https:\/\/www.pro-businesscenter.com\/ar\/%d8%aa%d9%82%d8%af%d9%85-%d8%aa%d9%88%d9%86%d8%b3-%d9%84%d8%b1%d8%ac%d8%a7%d9%84-%d8%a7%d9%84%d8%a3%d8%b9%d9%85%d8%a7%d9%84-%d9%88%d8%a7%d9%84%d9%85%d8%a8%d8%af%d8%b9%d9%8a%d9%86-%d9%88%d8%a7%d9%84\/\"><\/a><\/div><div class=\"eael-entry-thumbnail \">\n                <img fetchpriority=\"high\" decoding=\"async\" width=\"600\" height=\"400\" src=\"https:\/\/www.pro-businesscenter.com\/wp-content\/uploads\/2021\/01\/La-Tunisie-offre-la-possibilite-de-creer-leur-structure-offshore-en-toute-transparence.jpg\" class=\"attachment-full size-full wp-image-2866\" alt=\"\" srcset=\"https:\/\/www.pro-businesscenter.com\/wp-content\/uploads\/2021\/01\/La-Tunisie-offre-la-possibilite-de-creer-leur-structure-offshore-en-toute-transparence.jpg 600w, https:\/\/www.pro-businesscenter.com\/wp-content\/uploads\/2021\/01\/La-Tunisie-offre-la-possibilite-de-creer-leur-structure-offshore-en-toute-transparence-300x200.jpg 300w, https:\/\/www.pro-businesscenter.com\/wp-content\/uploads\/2021\/01\/La-Tunisie-offre-la-possibilite-de-creer-leur-structure-offshore-en-toute-transparence-350x233.jpg 350w\" sizes=\"(max-width: 600px) 100vw, 600px\" \/>\n            <\/div>\n        <\/div><div class=\"eael-entry-wrapper\"><header class=\"eael-entry-header\"><h2 class=\"eael-entry-title\"><a\n                        class=\"eael-grid-post-link\"\n                        href=\"https:\/\/www.pro-businesscenter.com\/ar\/%d8%aa%d9%82%d8%af%d9%85-%d8%aa%d9%88%d9%86%d8%b3-%d9%84%d8%b1%d8%ac%d8%a7%d9%84-%d8%a7%d9%84%d8%a3%d8%b9%d9%85%d8%a7%d9%84-%d9%88%d8%a7%d9%84%d9%85%d8%a8%d8%af%d8%b9%d9%8a%d9%86-%d9%88%d8%a7%d9%84\/\"\n                        title=\"\u062a\u0648\u0641\u0631 \u062a\u0648\u0646\u0633 \u0644\u0623\u0635\u062d\u0627\u0628 \u0627\u0644\u0645\u0634\u0627\u0631\u064a\u0639 \u0648\u0627\u0644\u0645\u0628\u062f\u0639\u064a\u0646 \u0648\u0642\u0627\u062f\u0629 \u0627\u0644\u0623\u0639\u0645\u0627\u0644 \u0627\u0644\u0641\u0631\u0635\u0629 \u0644\u0625\u0646\u0634\u0627\u0621 \u0647\u064a\u0643\u0644\u0647\u0645 \u0627\u0644\u062e\u0627\u0631\u062c\u064a \u0628\u0634\u0641\u0627\u0641\u064a\u0629 \u0643\u0627\u0645\u0644\u0629.\">\u062a\u0648\u0641\u0631 \u062a\u0648\u0646\u0633 \u0644\u0623\u0635\u062d\u0627\u0628 \u0627\u0644\u0645\u0634\u0627\u0631\u064a\u0639 \u0648\u0627\u0644\u0645\u0628\u062f\u0639\u064a\u0646 \u0648\u0642\u0627\u062f\u0629 \u0627\u0644\u0623\u0639\u0645\u0627\u0644 \u0627\u0644\u0641\u0631\u0635\u0629 \u0644\u0625\u0646\u0634\u0627\u0621 \u0647\u064a\u0643\u0644\u0647\u0645 \u0627\u0644\u062e\u0627\u0631\u062c\u064a \u0628\u0634\u0641\u0627\u0641\u064a\u0629 \u0643\u0627\u0645\u0644\u0629.<\/a><\/h2><\/header><div class=\"eael-entry-header-after\"><div class=\"eael-entry-meta\"><span class=\"eael-posted-on\"><time datetime=\"12 \u064a\u0648\u0644\u064a\u0648 2021\">12 \u064a\u0648\u0644\u064a\u0648 2021<\/time><\/span><\/div><\/div><div class=\"eael-entry-content\">\n                        <div class=\"eael-grid-post-excerpt\"><a\n                            href=\"https:\/\/www.pro-businesscenter.com\/ar\/%d8%aa%d9%82%d8%af%d9%85-%d8%aa%d9%88%d9%86%d8%b3-%d9%84%d8%b1%d8%ac%d8%a7%d9%84-%d8%a7%d9%84%d8%a3%d8%b9%d9%85%d8%a7%d9%84-%d9%88%d8%a7%d9%84%d9%85%d8%a8%d8%af%d8%b9%d9%8a%d9%86-%d9%88%d8%a7%d9%84\/\"\n                            class=\"eael-post-elements-readmore-btn\">&gt; \u0627\u0642\u0631\u0623 \u0627\u0644\u0645\u0632\u064a\u062f<\/a><\/div>\n                    <\/div><\/div><\/div>\n        <\/div>\n    <\/article><\/div>\n            <div class=\"clearfix\"><\/div>\n        <\/div>\t\t<\/div>\n\t\t\t\t<\/div>\n\t\t\t\t\t<\/div>\n\t\t<\/div>\n\t\t\t\t\t<\/div>\n\t\t<\/section>\n\t\t\t\t<\/div>\n\t\t","protected":false},"excerpt":{"rendered":"<p>\u0645\u0633\u062a\u062c\u062f\u0627\u062a Constitution de soci\u00e9t\u00e9 Cr\u00e9er une entreprise en Tunisie : Choisir la structure juridique d&#8217;Entreprise en Tunisie 16 octobre 2023 &gt; \u0627\u0642\u0631\u0623 \u0627\u0644\u0645\u0632\u064a\u062f Constitution de soci\u00e9t\u00e9 Domiciliation d&#8217;Entreprise en Tunisie avec Pro Business Center : Avantages, \u00c9tapes Cl\u00e9s et Opportunit\u00e9s 8 septembre 2023 &gt; \u0627\u0642\u0631\u0623 \u0627\u0644\u0645\u0632\u064a\u062f Constitution de soci\u00e9t\u00e9 Le r\u00f4le cl\u00e9 de la domiciliation &hellip;<\/p>\n<p class=\"read-more\"> <a class=\"\" href=\"https:\/\/www.pro-businesscenter.com\/ar\/%d8%aa%d9%82%d8%af%d9%85-%d8%aa%d9%88%d9%86%d8%b3-%d9%84%d8%b1%d8%ac%d8%a7%d9%84-%d8%a7%d9%84%d8%a3%d8%b9%d9%85%d8%a7%d9%84-%d9%88%d8%a7%d9%84%d9%85%d8%a8%d8%af%d8%b9%d9%8a%d9%86-%d9%88%d8%a7%d9%84\/\"> <span class=\"screen-reader-text\">\u062a\u0648\u0641\u0631 \u062a\u0648\u0646\u0633 \u0644\u0623\u0635\u062d\u0627\u0628 \u0627\u0644\u0645\u0634\u0627\u0631\u064a\u0639 \u0648\u0627\u0644\u0645\u0628\u062f\u0639\u064a\u0646 \u0648\u0642\u0627\u062f\u0629 \u0627\u0644\u0623\u0639\u0645\u0627\u0644 \u0627\u0644\u0641\u0631\u0635\u0629 \u0644\u0625\u0646\u0634\u0627\u0621 \u0647\u064a\u0643\u0644\u0647\u0645 \u0627\u0644\u062e\u0627\u0631\u062c\u064a \u0628\u0634\u0641\u0627\u0641\u064a\u0629 \u0643\u0627\u0645\u0644\u0629.<\/span> \u0642\u0631\u0627\u0621\u0629 \u0627\u0644\u0645\u0632\u064a\u062f &raquo;<\/a><\/p>\n","protected":false},"author":1,"featured_media":0,"parent":0,"menu_order":0,"comment_status":"closed","ping_status":"closed","template":"blog.php","meta":{"site-sidebar-layout":"no-sidebar","site-content-layout":"page-builder","ast-global-header-display":"","ast-main-header-display":"","ast-hfb-above-header-display":"","ast-hfb-below-header-display":"","ast-hfb-mobile-header-display":"","site-post-title":"disabled","ast-breadcrumbs-content":"","ast-featured-img":"disabled","footer-sml-layout":"","theme-transparent-header-meta":"default","adv-header-id-meta":"","stick-header-meta":"","header-above-stick-meta":"","header-main-stick-meta":"","header-below-stick-meta":"","footnotes":""},"class_list":["post-4260","page","type-page","status-publish","hentry"],"_links":{"self":[{"href":"https:\/\/www.pro-businesscenter.com\/ar\/wp-json\/wp\/v2\/pages\/4260","targetHints":{"allow":["GET"]}}],"collection":[{"href":"https:\/\/www.pro-businesscenter.com\/ar\/wp-json\/wp\/v2\/pages"}],"about":[{"href":"https:\/\/www.pro-businesscenter.com\/ar\/wp-json\/wp\/v2\/types\/page"}],"author":[{"embeddable":true,"href":"https:\/\/www.pro-businesscenter.com\/ar\/wp-json\/wp\/v2\/users\/1"}],"replies":[{"embeddable":true,"href":"https:\/\/www.pro-businesscenter.com\/ar\/wp-json\/wp\/v2\/comments?post=4260"}],"version-history":[{"count":30,"href":"https:\/\/www.pro-businesscenter.com\/ar\/wp-json\/wp\/v2\/pages\/4260\/revisions"}],"predecessor-version":[{"id":5305,"href":"https:\/\/www.pro-businesscenter.com\/ar\/wp-json\/wp\/v2\/pages\/4260\/revisions\/5305"}],"wp:attachment":[{"href":"https:\/\/www.pro-businesscenter.com\/ar\/wp-json\/wp\/v2\/media?parent=4260"}],"curies":[{"name":"wp","href":"https:\/\/api.w.org\/{rel}","templated":true}]}}